{"id":63,"date":"2016-06-15T20:33:27","date_gmt":"2016-06-15T20:33:27","guid":{"rendered":"http:\/\/microprosienna.com\/fr\/?page_id=63"},"modified":"2018-10-09T16:56:53","modified_gmt":"2018-10-09T20:56:53","slug":"home","status":"publish","type":"page","link":"https:\/\/microprosienna.com\/fr\/","title":{"rendered":"Home"},"content":{"rendered":"<h2>La couleur novatrice d\u2019un brun riche et le processus de traitement \u00e9cologiquement pr\u00e9f\u00e9rable cr\u00e9ent une option distinctive pour vos projets ext\u00e9rieurs.<\/h2>\n<h3><span>Les Questions Les Plus Demand\u00e9es<\/span><\/h3>\n<div id=\"questions\">\n\t\t\t\t<div class=\"question\">\n\t\t\t\t\t<div class=\"question-toggle\">\n\t\t\t\t\t<span>Devrais-je appliquer un produit de finition sur mon projet MicroPro Sienna imm\u00e9diatement?<\/span>\n\t\t\t\t\t<\/div>\n\t\t\t\t\t<div class=\"answer\">\n\t\t\t\t\t<p>Oui. Le conseil d\u2019attendre une ann\u00e9e ou une saison avant d\u2019appliquer un fini est une information quelque peu fausse au sujet du bois trait\u00e9, qui circule depuis quelque temps d\u00e9j\u00e0 dans les cours de mat\u00e9riaux des d\u00e9taillants et parmi les entrepreneurs. Sauf stipulation \u00e0 l\u2019effet contraire de la part du fabricant de l\u2019enduit de finition, vous pouvez appliquer une teinture ou un hydrofugeant sur le bois <strong>d\u00e8s que celui-ci est sec au toucher<\/strong>. Ce d\u00e9lai d\u00e9pendra du temps qu\u2019il fait, de l\u2019exposition au soleil et du degr\u00e9 d\u2019humidit\u00e9 du bois au moment de son installation (ayant \u00e9t\u00e9 satur\u00e9 d\u2019eau lors du traitement sous pression).<\/p>\n<p>Pour tester si le bois trait\u00e9 est sec en surface, aspergez des gouttelettes d\u2019eau sur celle-ci. Si les gouttelettes sont absorb\u00e9es par le bois, c\u2019est qu\u2019il est pr\u00eat \u00e0 recevoir la teinture. Sinon, essayez d\u2019asperger de nouveau dans quelques jours. Lorsque vous appliquez un fini de protection, ne n\u00e9gligez pas de suivre les recommandations du fabricant, tout particuli\u00e8rement en ce qui concerne la fa\u00e7on d\u2019appliquer ce produit et le moment de le faire. <a href=\"http:\/\/microprosienna.com\/fr\/ressources\/finition\/\"><strong>Apprenez-en davantage<\/strong><\/a><\/p>\n\n\t\t\t\t\t<\/div>\n\t\t\t\t<\/div>\n\t\t\t\n\t\t\t\t<div class=\"question\">\n\t\t\t\t\t<div class=\"question-toggle\">\n\t\t\t\t\t<span>Pourquoi le bois subit-il du retrait et des fissurations \u00e0 l\u2019ext\u00e9rieur?<\/span>\n\t\t\t\t\t<\/div>\n\t\t\t\t\t<div class=\"answer\">\n\t\t\t\t\t<p>Le bois est un produit d\u2019origine naturelle, et en raison de ses caract\u00e9ristiques intrins\u00e8ques, il prend du retrait \u00e0 mesure qu\u2019il perd de son humidit\u00e9 et prend de l\u2019expansion en \u00e9tant expos\u00e9 \u00e0 l\u2019humidit\u00e9 ambiante. Les changements dans l\u2019humidit\u00e9 et la temp\u00e9rature peuvent entra\u00eener gauchissement, gerces et fendillement. Le d\u00e9veloppement de ces caract\u00e9ristiques associ\u00e9es au s\u00e9chage est un ph\u00e9nom\u00e8ne normal. L\u2019application d\u2019un hydrofugeant ou d\u2019une teinture avec hydrofugeant aussit\u00f4t que le bois est sec au toucher apr\u00e8s la construction aidera \u00e0 r\u00e9duire les effets du s\u00e9chage et de l\u2019alt\u00e9ration due aux intemp\u00e9ries. <a href=\"http:\/\/microprosienna.com\/fr\/ressources\/finition\/\"><strong>Apprenez-en davantage<\/strong><\/a><\/p>\n\n\t\t\t\t\t<\/div>\n\t\t\t\t<\/div>\n\t\t\t\n\t\t\t\t<div class=\"question\">\n\t\t\t\t\t<div class=\"question-toggle\">\n\t\t\t\t\t<span>Pourquoi faut-il effectuer l\u2019entretien sur des ouvrages de bois trait\u00e9?<\/span>\n\t\t\t\t\t<\/div>\n\t\t\t\t\t<div class=\"answer\">\n\t\t\t\t\t<p>Rien n\u2019est \u00ab sans entretien \u00bb. Le traitement sous pression prot\u00e8ge le bois contre la d\u00e9faillance structurale caus\u00e9e par la pourriture, la carie fongique ou l\u2019attaque des termites. Toutefois, en raison de l\u2019humidit\u00e9, du soleil et des autres conditions \u00e0 l\u2019ext\u00e9rieur, le bois pr\u00e9sentera des signes d\u2019alt\u00e9ration. Les alt\u00e9rations dues aux intemp\u00e9ries naturelles, causant par exemple fil pelucheux, fendillement, gerces, torsion, gauchissement, retrait ou gonflement, se produisent dans le bois tant trait\u00e9 que non trait\u00e9 lorsqu\u2019il est \u00e0 l\u2019ext\u00e9rieur et sans protection. Pour aider \u00e0 r\u00e9duire ces effets, appliquer un hydrofugeant ou une teinture avec hydrofugeant de haute qualit\u00e9 aussit\u00f4t que le bois est sec au toucher apr\u00e8s la construction. <a href=\"http:\/\/microprosienna.com\/fr\/ressources\/finition\/\"><strong>Apprenez-en davantage<\/strong><\/a><\/p>\n\n\t\t\t\t\t<\/div>\n\t\t\t\t<\/div>\n\t\t\t\n\t\t\t\t<div class=\"question\">\n\t\t\t\t\t<div class=\"question-toggle\">\n\t\t\t\t\t<span>Comment puis-je maintenir la couleur et la surface de mon projet MicroPro Sienna?<\/span>\n\t\t\t\t\t<\/div>\n\t\t\t\t\t<div class=\"answer\">\n\t\t\t\t\t<p>Une vaste gamme de produits de finition pour le bois a \u00e9t\u00e9 formul\u00e9e pour l\u2019entretien du bois utilis\u00e9 \u00e0 l\u2019ext\u00e9rieur. Comme r\u00e8gle g\u00e9n\u00e9rale, vous avez besoin de pigments ou de couleur dans le produit pour prot\u00e9ger la surface du bois contre les UV. Lisez toujours l\u2019\u00e9tiquette du produit de finition et suivez les recommandations du fabricant concernant la fa\u00e7on dont le produit doit \u00eatre appliqu\u00e9 et le moment de le faire. Pour obtenir une liste de produits de finition populaires et recommand\u00e9s provenant de fabricants de renom\u2026 <a href=\"http:\/\/microprosienna.com\/fr\/ressources\/finition\/\"><strong>Apprenez-en davantage<\/strong><\/a><\/p>\n\n\t\t\t\t\t<\/div>\n\t\t\t\t<\/div>\n\t\t\t\n\t\t\t\t<div class=\"question\">\n\t\t\t\t\t<div class=\"question-toggle\">\n\t\t\t\t\t<span>Combien de temps durera cette couleur?<\/span>\n\t\t\t\t\t<\/div>\n\t\t\t\t\t<div class=\"answer\">\n\t\t\t\t\t<p>Laiss\u00e9e sans protection, la riche couleur brune de Sienna s\u2019estompera en un ton havane ou beige doux, puis passera au gris avec le temps. Ce d\u00e9lai d\u00e9pendra d\u2019un certain nombre de facteurs, y compris l\u2019exposition \u00e0 la lumi\u00e8re du soleil, l\u2019essence du bois et l\u2019application. <a href=\"http:\/\/microprosienna.com\/fr\/ressources\/finition\/\"><strong>Apprenez-en davantage<\/strong><\/a><\/p>\n\n\t\t\t\t\t<\/div>\n\t\t\t\t<\/div>\n\t\t\t\n\t\t\t\t<div class=\"question\">\n\t\t\t\t\t<div class=\"question-toggle\">\n\t\t\t\t\t<span>Pourquoi y a-t-il des variations dans la couleur des produits MicroPro Sienna?<\/span>\n\t\t\t\t\t<\/div>\n\t\t\t\t\t<div class=\"answer\">\n\t\t\t\t\t<p>Des variations naturelles de la couleur dans le produit sont \u00e0 pr\u00e9voir en raison de la variabilit\u00e9 des conditions auxquelles il est expos\u00e9 et des caract\u00e9ristiques propres aux diff\u00e9rentes essences de bois. De plus, des variations de couleur peuvent survenir entre le bois de c\u0153ur et l\u2019aubier ainsi qu\u2019entre les r\u00e9gions noueuses (n\u0153uds) et ce, d\u2019une planche \u00e0 une autre ou \u00e0 l\u2019int\u00e9rieur d\u2019un m\u00eame \u00e9l\u00e9ment de bois.<\/p>\n<p>Il est possible que sur certains \u00e9l\u00e9ments de bois trait\u00e9 MicroPro Sienna une teinte verd\u00e2tre apparaisse le long du fil du bois et autour des n\u0153uds. Avec le temps, l&#8217;exposition au soleil et \u00e0 la chaleur, ce vert va s\u2019adoucir et se marier au ton global du bois trait\u00e9. <a href=\"http:\/\/microprosienna.com\/fr\/ressources\/finition\/\"><strong>Apprenez-en davantage<\/strong><\/a><\/p>\n\n\t\t\t\t\t<\/div>\n\t\t\t\t<\/div>\n\t\t\t\n\t\t\t\t<div class=\"question\">\n\t\t\t\t\t<div class=\"question-toggle\">\n\t\t\t\t\t<span>Puis-je utiliser MicroPro Sienna dans ma plate-bande sur\u00e9lev\u00e9e pour culture de l\u00e9gumes?<\/span>\n\t\t\t\t\t<\/div>\n\t\t\t\t\t<div class=\"answer\">\n\t\t\t\t\t<p>Les produits de bois trait\u00e9s MicroPro Sienna peuvent \u00eatre utilis\u00e9s pour construire des plates-bandes sur\u00e9lev\u00e9es de jardinage. Le processus du bois trait\u00e9 MicroPro est certifi\u00e9 produit \u00e9cologiquement pr\u00e9f\u00e9rable (PEP) par Scientific Certification Systems, Inc. (SCS), sur la base de l\u2019\u00e9valuation du cycle de vie de SCS. De tr\u00e8s faibles quantit\u00e9s de cuivre et d\u2019azole vont migrer hors du bois trait\u00e9 MicroPro Sienna avec le temps. Si l\u2019on souhaite r\u00e9duire au minimum la migration de cuivre ou d\u2019azole dans le sol d\u2019une plate-bande sur\u00e9lev\u00e9e de jardinage, nous recommandons d\u2019utiliser un mat\u00e9riau de plastique mince d\u2019un type convenable comme barri\u00e8re entre le bois trait\u00e9 MicroPro Sienna et le sol de la plate-bande sur\u00e9lev\u00e9e. L\u2019utilisation d\u2019une barri\u00e8re de plastique aidera \u00e9galement \u00e0 garder le sol de la plate-bande sur\u00e9lev\u00e9e \u00e0 l\u2019int\u00e9rieur de celle-ci. Pour que le drainage soit appropri\u00e9, le mat\u00e9riau plastique ne doit pas \u00eatre utilis\u00e9 en dessous de la plate-bande. <a href=\"http:\/\/microprosienna.com\/fr\/essentiels\/certifications-environnementales\/\"><strong>Apprenez-en davantage<\/strong><\/a><\/p>\n\n\t\t\t\t\t<\/div>\n\t\t\t\t<\/div>\n\t\t\t\n\t\t\t\t<div class=\"question\">\n\t\t\t\t\t<div class=\"question-toggle\">\n\t\t\t\t\t<span>Pourquoi MicroPro Sienna est-il plus respectueux de l\u2019environnement?<\/span>\n\t\t\t\t\t<\/div>\n\t\t\t\t\t<div class=\"answer\">\n\t\t\t\t\t<p>Une nouvelle g\u00e9n\u00e9ration d\u2019agents de pr\u00e9servation du bois \u00e0 base de cuivre, notamment d\u2019azole de cuivre micronis\u00e9 (MCA), est utilis\u00e9e pour traiter sous pression les produits MicroPro Sienna. Le cuivre est micronis\u00e9, ou moulu m\u00e9caniquement jusqu\u2019\u00e0 une granulom\u00e9trie submicronique, pour fin de traitement sous pression sans utilisation de solvants. Cette technologie r\u00e9duit l\u2019empreinte \u00e9cologique de Sienna \u00e0 moins de la moiti\u00e9 de celle du bois trait\u00e9 traditionnel pour usages r\u00e9sidentiels.<\/p>\n<ul>\n<li>MicroPro fut le premier et demeure le seul proc\u00e9d\u00e9 de traitement du bois \u00e0 avoir re\u00e7u la certification de Scientific Certification Systems, Inc. (SCS) \u00e0 titre de proc\u00e9d\u00e9 de traitement du bois \u00e9cologiquement pr\u00e9f\u00e9rable, sur la base d\u2019une \u00e9valuation du cycle de vie.<\/li>\n<li>La certification UL GREENGUARD OR indique que la technologie de pr\u00e9servation MicroPro a subi des essais rigoureux et a satisfait \u00e0 des normes exigeantes en mati\u00e8re de faibles \u00e9missions de compos\u00e9s organiques volatils (COV). Les produits certifi\u00e9s en fonction de ces crit\u00e8res conviennent aux utilisations dans les \u00e9coles, les bureaux et d\u2019autres milieux sensibles.<\/li>\n<li>Les produits de bois qui sont trait\u00e9s avec la technologie MicroPro sont admissibles \u00e0 un plus grand nombre de points pour mat\u00e9riaux de construction respectueux de l\u2019environnement, en vue de l\u2019obtention de la certification de \u00ab produit vert \u00bb du programme normatif NGBS, que tout autre produit de bois trait\u00e9. <a href=\"http:\/\/microprosienna.com\/fr\/essentiels\/certifications-environnementales\/\"><strong>Apprenez-en davantage<\/strong><\/a><\/li>\n<\/ul>\n\n\t\t\t\t\t<\/div>\n\t\t\t\t<\/div>\n\t\t\t\n\t\t\t\t<div class=\"question\">\n\t\t\t\t\t<div class=\"question-toggle\">\n\t\t\t\t\t<span>Pourquoi ai-je besoin de prot\u00e9ger les coupes de bout de mon bois trait\u00e9?<\/span>\n\t\t\t\t\t<\/div>\n\t\t\t\t\t<div class=\"answer\">\n\t\t\t\t\t<p>Lorsque vous construisez votre projet ext\u00e9rieur avec du bois trait\u00e9 sous pression, il est important de prot\u00e9ger les coupes de bout, les grands trous de per\u00e7age et les autres coupes r\u00e9alis\u00e9es sur le chantier. Si vous n\u00e9gligez d\u2019appliquer de Cut-N-Seal ou d\u2019un autre agent de pr\u00e9servation de bois enregistr\u00e9 pour coupes de bout au moment de la construction de votre projet, cela annulera <a href=\"http:\/\/microprosienna.com\/fr\/ressources\/garantie\/\">la <u>Garantie limit\u00e9e \u00e0 vie pour usages r\u00e9sidentiels de MicroPro Sienna<\/u><\/a>.<\/p>\n<ul>\n<li>Pour les \u00e9l\u00e9ments de bois de construction trait\u00e9s et le bois trait\u00e9 sous pression utilis\u00e9 dans les applications <strong>en contact avec le sol<\/strong>, un agent de pr\u00e9servation pour coupes de bout \u00e0 appliquer au pinceau est requis, au moment de la construction, sur tous les traits de scie, les grands trous de per\u00e7age et autres coupes r\u00e9alis\u00e9es au chantier. Deux (2) applications d\u2019un agent de pr\u00e9servation pour coupes de bout \u00e0 base de napht\u00e9nate de cuivre doivent \u00eatre faites sur le bois trait\u00e9 avant qu\u2019il ne soit install\u00e9. Important : suivre les directives du fabricant pour r\u00e9aliser une application appropri\u00e9e.<\/li>\n<li>Pour le bois trait\u00e9 sous pression utilis\u00e9 dans les applications au-dessus du niveau du sol, comme les planches de terrasses, les garde-corps, les dessus de poteaux ou les planches de cl\u00f4tures, <a href=\"https:\/\/cut-n-seal.com\" rel=\"noopener\" target=\"_blank\">Cut-N-Seal<\/a> ou tout autre agent de pr\u00e9servation de bois enregistr\u00e9 \u00e0 appliquer au pinceau sur les coupes, devrait \u00eatre appliqu\u00e9, au moment de la construction, sur tous les traits de scie, les grands trous de per\u00e7age et autres coupes r\u00e9alis\u00e9es au chantier. Suivre les directives du fabricant pour obtenir une application appropri\u00e9e. <strong><a href=\"http:\/\/cut-n-seal.com\/fr\/\">Apprenez-en davantage<\/a>.<\/strong><\/li>\n<\/ul>\n\n\t\t\t\t\t<\/div>\n\t\t\t\t<\/div>\n\t\t\t\n\t\t\t\t<div class=\"question\">\n\t\t\t\t\t<div class=\"question-toggle\">\n\t\t\t\t\t<span>Dois-je utiliser un type pr\u00e9cis d\u2019attache pour mon projet MicroPro Sienna?<\/span>\n\t\t\t\t\t<\/div>\n\t\t\t\t\t<div class=\"answer\">\n\t\t\t\t\t<p>Le bois trait\u00e9 MicroPro Sienna n\u2019est pas plus corrosif pour les produits m\u00e9talliques que le bois non trait\u00e9. Utilisez des attaches et ferrures pour l\u2019ext\u00e9rieur qui sont conformes aux recommandations du fabricant et aux codes de la construction pour leur utilisation pr\u00e9vue. <a href=\"https:\/\/microprosienna.com\/fr\/ressources\/information-sur-les-attaches\/\">Apprenez-en davantage<\/a><\/p>\n\n\t\t\t\t\t<\/div>\n\t\t\t\t<\/div>\n\t\t\t\n\t\t\t\t<div class=\"question\">\n\t\t\t\t\t<div class=\"question-toggle\">\n\t\t\t\t\t<span>Des produits de construction en aluminium peuvent-ils \u00eatre utilis\u00e9s avec MicroPro Sienna?<\/span>\n\t\t\t\t\t<\/div>\n\t\t\t\t\t<div class=\"answer\">\n\t\t\t\t\t<p>Oui. Les produits de construction en aluminium peuvent \u00eatre plac\u00e9s en contact direct avec le bois trait\u00e9 MicroPro Sienna utilis\u00e9 dans les applications \u00e0 l\u2019int\u00e9rieur ou \u00e0 l\u2019ext\u00e9rieur au-dessus du sol comme sur les terrasses et les cl\u00f4tures. Le bois trait\u00e9 avec MicroPro mis en contact direct avec des produits en aluminium devrait \u00eatre utilis\u00e9 uniquement dans des applications de construction conformes aux codes et permettant un \u00e9coulement appropri\u00e9 de l\u2019eau et n\u2019exposant pas le bois, ni ponctuellement ni en permanence, \u00e0 une source d\u2019humidit\u00e9 continue, d\u2019eaux stagnantes ou d\u2019immersion par l\u2019eau, comme les quais et pontons d\u2019accostage en eaux douces, les cuves thermales (spas) et les piscines. De plus, le bois trait\u00e9 avec MicroPro ne doit pas \u00eatre rev\u00eatu (encapsul\u00e9), scell\u00e9 ou envelopp\u00e9 de produits en aluminium o\u00f9 il peut y avoir de l\u2019humidit\u00e9 ou de l\u2019eau emprisonn\u00e9e, afin d\u2019\u00e9viter la formation de piq\u00fbres et autres r\u00e9sultats ind\u00e9sirables. <a href=\"http:\/\/microprosienna.com\/fr\/ressources\/information-sur-les-attaches\/\"><strong>Apprenez-en davantage<\/strong><\/a><\/p>\n\n\t\t\t\t\t<\/div>\n\t\t\t\t<\/div>\n\t\t\t\n\t\t\t\t<div class=\"question\">\n\t\t\t\t\t<div class=\"question-toggle\">\n\t\t\t\t\t<span>Quelles sont ces petites coupures visibles sur le bois trait\u00e9 MicroPro Sienna?<\/span>\n\t\t\t\t\t<\/div>\n\t\t\t\t\t<div class=\"answer\">\n\t\t\t\t\t<p>Les \u00e9l\u00e9ments en bois trait\u00e9 qui sont employ\u00e9s dans les applications structurales (solives, poutres, poteaux) pr\u00e9sentent \u00e0 la surface de fines incisions. Le traitement par incision consiste \u00e0 pratiquer de petites coupures dans la surface du bois avant de le traiter, afin de permettre \u00e0 une plus grande quantit\u00e9 d\u2019agent de pr\u00e9servation de p\u00e9n\u00e9trer uniform\u00e9ment, plus creux que la surface. Le traitement par incision am\u00e9liore la protection, prolonge la dur\u00e9e de vie en service du bois trait\u00e9 et aide aussi \u00e0 r\u00e9duire le fendillement en surface en diminuant la tension superficielle. La pr\u00e9paration du bois par incision est requise afin de r\u00e9pondre aux exigences de traitement dans le but d\u2019obtenir une performance suffisante des mat\u00e9riaux utilis\u00e9s dans des applications structurales.<\/p>\n\n\t\t\t\t\t<\/div>\n\t\t\t\t<\/div>\n\t\t\t<\/div>\n","protected":false},"excerpt":{"rendered":"<p>La couleur novatrice d\u2019un brun riche et le processus de traitement \u00e9cologiquement pr\u00e9f\u00e9rable cr\u00e9ent une option distinctive pour vos projets ext\u00e9rieurs. Les Questions Les Plus Demand\u00e9es<\/p>\n","protected":false},"author":2,"featured_media":0,"parent":0,"menu_order":0,"comment_status":"closed","ping_status":"closed","template":"","meta":[],"_links":{"self":[{"href":"https:\/\/microprosienna.com\/fr\/wp-json\/wp\/v2\/pages\/63"}],"collection":[{"href":"https:\/\/microprosienna.com\/fr\/wp-json\/wp\/v2\/pages"}],"about":[{"href":"https:\/\/microprosienna.com\/fr\/wp-json\/wp\/v2\/types\/page"}],"author":[{"embeddable":true,"href":"https:\/\/microprosienna.com\/fr\/wp-json\/wp\/v2\/users\/2"}],"replies":[{"embeddable":true,"href":"https:\/\/microprosienna.com\/fr\/wp-json\/wp\/v2\/comments?post=63"}],"version-history":[{"count":6,"href":"https:\/\/microprosienna.com\/fr\/wp-json\/wp\/v2\/pages\/63\/revisions"}],"predecessor-version":[{"id":371,"href":"https:\/\/microprosienna.com\/fr\/wp-json\/wp\/v2\/pages\/63\/revisions\/371"}],"wp:attachment":[{"href":"https:\/\/microprosienna.com\/fr\/wp-json\/wp\/v2\/media?parent=63"}],"curies":[{"name":"wp","href":"https:\/\/api.w.org\/{rel}","templated":true}]}}