{"id":39,"date":"2016-06-15T20:23:33","date_gmt":"2016-06-15T20:23:33","guid":{"rendered":"http:\/\/microprosienna.com\/fr\/?page_id=39"},"modified":"2025-11-24T15:26:25","modified_gmt":"2025-11-24T20:26:25","slug":"fiche-signaletique","status":"publish","type":"page","link":"https:\/\/microprosienna.com\/fr\/ressources\/fiche-signaletique\/","title":{"rendered":"Fiche de donn\u00e9es de s\u00e9curit\u00e9"},"content":{"rendered":"<h4>Fiche de donn\u00e9es de s\u00e9curit\u00e9 du bois trait\u00e9 MicroPro Sienna<sup>MD<\/sup><\/h4>\n<p><a href=\"https:\/\/microprosienna.com\/fr\/wp-content\/uploads\/sites\/2\/2025\/11\/Koppers_2025_SCS-EPP-01699b_111325.pdf\">Fiche de donn\u00e9es de s\u00e9curit\u00e9 du bois trait\u00e9 MicroPro Sienna de Timber Specialties<\/a><\/p>\n","protected":false},"excerpt":{"rendered":"<p>Fiche de donn\u00e9es de s\u00e9curit\u00e9 du bois trait\u00e9 MicroPro SiennaMD Fiche de donn\u00e9es de s\u00e9curit\u00e9 du bois trait\u00e9 MicroPro Sienna de Timber Specialties<\/p>\n","protected":false},"author":2,"featured_media":143,"parent":9,"menu_order":0,"comment_status":"closed","ping_status":"closed","template":"","meta":[],"_links":{"self":[{"href":"https:\/\/microprosienna.com\/fr\/wp-json\/wp\/v2\/pages\/39"}],"collection":[{"href":"https:\/\/microprosienna.com\/fr\/wp-json\/wp\/v2\/pages"}],"about":[{"href":"https:\/\/microprosienna.com\/fr\/wp-json\/wp\/v2\/types\/page"}],"author":[{"embeddable":true,"href":"https:\/\/microprosienna.com\/fr\/wp-json\/wp\/v2\/users\/2"}],"replies":[{"embeddable":true,"href":"https:\/\/microprosienna.com\/fr\/wp-json\/wp\/v2\/comments?post=39"}],"version-history":[{"count":11,"href":"https:\/\/microprosienna.com\/fr\/wp-json\/wp\/v2\/pages\/39\/revisions"}],"predecessor-version":[{"id":615,"href":"https:\/\/microprosienna.com\/fr\/wp-json\/wp\/v2\/pages\/39\/revisions\/615"}],"up":[{"embeddable":true,"href":"https:\/\/microprosienna.com\/fr\/wp-json\/wp\/v2\/pages\/9"}],"wp:featuredmedia":[{"embeddable":true,"href":"https:\/\/microprosienna.com\/fr\/wp-json\/wp\/v2\/media\/143"}],"wp:attachment":[{"href":"https:\/\/microprosienna.com\/fr\/wp-json\/wp\/v2\/media?parent=39"}],"curies":[{"name":"wp","href":"https:\/\/api.w.org\/{rel}","templated":true}]}}