{"id":389,"date":"2018-11-28T12:15:59","date_gmt":"2018-11-28T17:15:59","guid":{"rendered":"https:\/\/microprosienna.com\/fr\/?page_id=389"},"modified":"2020-01-17T08:51:26","modified_gmt":"2020-01-17T13:51:26","slug":"traitement-par-incision","status":"publish","type":"page","link":"https:\/\/microprosienna.com\/fr\/essentiels\/traitement-par-incision\/","title":{"rendered":"Traitement par incision"},"content":{"rendered":"<p><img decoding=\"async\" loading=\"lazy\" class=\"wp-image-440 size-full aligncenter\" src=\"https:\/\/microprosienna.com\/fr\/wp-content\/uploads\/sites\/2\/2019\/12\/Incision.jpg\" alt=\"\" width=\"760\" height=\"799\" srcset=\"https:\/\/microprosienna.com\/fr\/wp-content\/uploads\/sites\/2\/2019\/12\/Incision.jpg 760w, https:\/\/microprosienna.com\/fr\/wp-content\/uploads\/sites\/2\/2019\/12\/Incision-285x300.jpg 285w\" sizes=\"(max-width: 760px) 100vw, 760px\" \/>Les \u00e9l\u00e9ments en bois trait\u00e9 qui sont employ\u00e9s dans les applications structurales (solives, poutres, poteaux) pr\u00e9sentent \u00e0 la surface de fines incisions, lesquelles favorisent la p\u00e9n\u00e9tration du bois par l\u2019agent de pr\u00e9servation. Le traitement par incision consiste \u00e0 pratiquer de petites coupures dans la surface du bois avant de le traiter, afin de permettre \u00e0 une plus grande quantit\u00e9 d\u2019agent de pr\u00e9servation de p\u00e9n\u00e9trer uniform\u00e9ment, plus creux que la surface. Le traitement par incision am\u00e9liore la protection, prolonge la dur\u00e9e de vie en service du bois trait\u00e9 et aide aussi \u00e0 r\u00e9duire le fendillement en surface en diminuant la tension superficielle. <span lang=\"FR-CA\">La pr\u00e9paration du bois par incision est requise afin de r\u00e9pondre aux exigences de traitement dans le but d\u2019obtenir une performance suffisante des mat\u00e9riaux utilis\u00e9s dans des applications structurales.<\/span><\/p>\n<p>Pour conna\u00eetre quels sont les produits qui doivent \u00eatre trait\u00e9s par incision, consultez le <a href=\"https:\/\/microprosienna.com\/fr\/wp-content\/uploads\/sites\/2\/2018\/11\/MicroProSienna-Guide-des-categories-d\u2019utilisation-du-bois-traite-pour-usages-residentiels.pdf\">Guide des cat\u00e9gories d\u2019utilisation du bois trait\u00e9 MicroPro Sienna pour usages r\u00e9sidentiels<\/a>.<\/p>\n","protected":false},"excerpt":{"rendered":"<p>Les \u00e9l\u00e9ments en bois trait\u00e9 qui sont employ\u00e9s dans les applications structurales (solives, poutres, poteaux) pr\u00e9sentent \u00e0 la surface de fines incisions, lesquelles favorisent la p\u00e9n\u00e9tration du bois par l\u2019agent de pr\u00e9servation. Le traitement par incision consiste \u00e0 pratiquer de petites coupures dans la surface du bois avant de le traiter, afin de permettre \u00e0 [&hellip;]<\/p>\n","protected":false},"author":3,"featured_media":0,"parent":7,"menu_order":0,"comment_status":"closed","ping_status":"closed","template":"","meta":[],"_links":{"self":[{"href":"https:\/\/microprosienna.com\/fr\/wp-json\/wp\/v2\/pages\/389"}],"collection":[{"href":"https:\/\/microprosienna.com\/fr\/wp-json\/wp\/v2\/pages"}],"about":[{"href":"https:\/\/microprosienna.com\/fr\/wp-json\/wp\/v2\/types\/page"}],"author":[{"embeddable":true,"href":"https:\/\/microprosienna.com\/fr\/wp-json\/wp\/v2\/users\/3"}],"replies":[{"embeddable":true,"href":"https:\/\/microprosienna.com\/fr\/wp-json\/wp\/v2\/comments?post=389"}],"version-history":[{"count":6,"href":"https:\/\/microprosienna.com\/fr\/wp-json\/wp\/v2\/pages\/389\/revisions"}],"predecessor-version":[{"id":446,"href":"https:\/\/microprosienna.com\/fr\/wp-json\/wp\/v2\/pages\/389\/revisions\/446"}],"up":[{"embeddable":true,"href":"https:\/\/microprosienna.com\/fr\/wp-json\/wp\/v2\/pages\/7"}],"wp:attachment":[{"href":"https:\/\/microprosienna.com\/fr\/wp-json\/wp\/v2\/media?parent=389"}],"curies":[{"name":"wp","href":"https:\/\/api.w.org\/{rel}","templated":true}]}}