{"id":37,"date":"2016-06-15T20:22:37","date_gmt":"2016-06-15T20:22:37","guid":{"rendered":"http:\/\/microprosienna.com\/fr\/?page_id=37"},"modified":"2024-04-19T15:36:39","modified_gmt":"2024-04-19T19:36:39","slug":"garantie","status":"publish","type":"page","link":"https:\/\/microprosienna.com\/fr\/ressources\/garantie\/","title":{"rendered":"Garantie"},"content":{"rendered":"<h4>Information sur la garantie de MicroPro Sienna<sup>MD<\/sup><\/h4>\n<p>Les produits de bois portant la marque MicroPro Sienna qui sont fabriqu\u00e9s et utilis\u00e9s au Canada sont appuy\u00e9s par la garantie \u00e0 vie limit\u00e9e pour usages r\u00e9sidentiels MicroPro Sienna pour les premiers propri\u00e9taires, contre les d\u00e9faillances structurales caus\u00e9es par la carie fongique ou l\u2019attaque des termites.<\/p>\n<p><a href=\"https:\/\/microprosienna.com\/fr\/wp-content\/uploads\/sites\/2\/2024\/04\/MicroProSienna-Garantie-Limitee.pdf\">Garantie \u00e0 vie limit\u00e9e pour usages r\u00e9sidentiels de MicroPro Sienna, de Timber Specialties<\/a><\/p>\n\n\n<p><\/p>\n","protected":false},"excerpt":{"rendered":"<p>Information sur la garantie de MicroPro SiennaMD Les produits de bois portant la marque MicroPro Sienna qui sont fabriqu\u00e9s et utilis\u00e9s au Canada sont appuy\u00e9s par la garantie \u00e0 vie limit\u00e9e pour usages r\u00e9sidentiels MicroPro Sienna pour les premiers propri\u00e9taires, contre les d\u00e9faillances structurales caus\u00e9es par la carie fongique ou l\u2019attaque des termites. Garantie \u00e0 [&hellip;]<\/p>\n","protected":false},"author":2,"featured_media":135,"parent":9,"menu_order":0,"comment_status":"closed","ping_status":"closed","template":"","meta":[],"_links":{"self":[{"href":"https:\/\/microprosienna.com\/fr\/wp-json\/wp\/v2\/pages\/37"}],"collection":[{"href":"https:\/\/microprosienna.com\/fr\/wp-json\/wp\/v2\/pages"}],"about":[{"href":"https:\/\/microprosienna.com\/fr\/wp-json\/wp\/v2\/types\/page"}],"author":[{"embeddable":true,"href":"https:\/\/microprosienna.com\/fr\/wp-json\/wp\/v2\/users\/2"}],"replies":[{"embeddable":true,"href":"https:\/\/microprosienna.com\/fr\/wp-json\/wp\/v2\/comments?post=37"}],"version-history":[{"count":19,"href":"https:\/\/microprosienna.com\/fr\/wp-json\/wp\/v2\/pages\/37\/revisions"}],"predecessor-version":[{"id":590,"href":"https:\/\/microprosienna.com\/fr\/wp-json\/wp\/v2\/pages\/37\/revisions\/590"}],"up":[{"embeddable":true,"href":"https:\/\/microprosienna.com\/fr\/wp-json\/wp\/v2\/pages\/9"}],"wp:featuredmedia":[{"embeddable":true,"href":"https:\/\/microprosienna.com\/fr\/wp-json\/wp\/v2\/media\/135"}],"wp:attachment":[{"href":"https:\/\/microprosienna.com\/fr\/wp-json\/wp\/v2\/media?parent=37"}],"curies":[{"name":"wp","href":"https:\/\/api.w.org\/{rel}","templated":true}]}}