{"id":35,"date":"2016-06-15T20:22:11","date_gmt":"2016-06-15T20:22:11","guid":{"rendered":"http:\/\/microprosienna.com\/fr\/?page_id=35"},"modified":"2022-06-30T10:55:00","modified_gmt":"2022-06-30T14:55:00","slug":"renseignements-importants","status":"publish","type":"page","link":"https:\/\/microprosienna.com\/fr\/ressources\/renseignements-importants\/","title":{"rendered":"Renseignements importants"},"content":{"rendered":"<p>Les produits en bois trait\u00e9 MicroPro Sienna<sup>MD<\/sup> sont trait\u00e9s sous pression \u00e0 l\u2019azole de cuivre micronis\u00e9 MicroPro<sup>MD<\/sup> pour prot\u00e9ger le bois contre la carie fongique et l\u2019attaque des termites. Le principal ingr\u00e9dient actif de cet agent de pr\u00e9servation est le cuivre, reconnu depuis longtemps pour ses propri\u00e9t\u00e9s efficaces de pr\u00e9servation du bois. MicroPro Sienna utilise le cuivre micronis\u00e9 conjointement avec l\u2019azole de cuivre micronis\u00e9 pour offrir une protection \u00e0 long terme du bois apparent dans les applications ext\u00e9rieures.<\/p>\n<p>Observez les mesures de s\u00e9curit\u00e9 suivantes pour travailler avec tout produit de bois trait\u00e9, MicroPro Sienna ou autre :<\/p>\n<ul>\n<li><strong>Ne br\u00fblez pas le bois trait\u00e9.<\/strong><\/li>\n<li>Portez un masque antipoussi\u00e8re et des lunettes protectrices pour couper ou poncer le bois.<\/li>\n<li>Portez des gants pour tout travail avec le bois.<\/li>\n<li>Une certaine quantit\u00e9 d\u2019agent de pr\u00e9servation et\/ou de pigment peut migrer du bois trait\u00e9 jusqu\u2019au sol, \u00e0 l\u2019eau environnant ou d&#8217;autres surfaces comme les produits de b\u00e9ton. Il peut aussi se d\u00e9loger de la surface du bois trait\u00e9 au contact avec la peau. Lavez \u00e0 fond toute partie d\u00e9nud\u00e9e de la peau qui y a \u00e9t\u00e9 expos\u00e9e.<\/li>\n<li>Apr\u00e8s les travaux de construction, tous les d\u00e9bris de construction et toute la sciure de bois devraient \u00eatre \u00e9limin\u00e9s proprement.<\/li>\n<li>Avant de porter de nouveau vos v\u00eatements de travail, lavez-les s\u00e9par\u00e9ment de toute lessive courante.<\/li>\n<li>Le bois trait\u00e9 ne devrait pas \u00eatre utilis\u00e9 l\u00e0 o\u00f9 il risque d\u2019\u00eatre en contact direct ou indirect avec l\u2019eau potable, sauf dans les cas o\u00f9 il n\u2019existe qu\u2019un contact fortuit possible, comme par exemple avec des quais ou des ponts en eau douce.<\/li>\n<li>N\u2019utilisez pas le bois trait\u00e9 dans des circonstances o\u00f9 l\u2019agent de pr\u00e9servation risquerait d\u2019\u00eatre incorpor\u00e9 accidentellement \u00e0 des aliments, destin\u00e9s aux humains, aux animaux, ou \u00e0 des ruches.<\/li>\n<li>N\u2019utilisez pas le bois trait\u00e9 comme paillis.<\/li>\n<li>Seul du bois trait\u00e9 qui est visiblement propre et exempt de r\u00e9sidus en surface devrait \u00eatre utilis\u00e9.<\/li>\n<li>Si le bois doit \u00eatre utilis\u00e9 dans une application int\u00e9rieure et devient mouill\u00e9 durant les travaux de construction, laissez-le s\u00e9cher avant du couvrir ou de l\u2019installer dans un endroit clos.<\/li>\n<li>Les projets devraient \u00eatre con\u00e7us et install\u00e9s en conformit\u00e9 avec les ordonnances et les codes f\u00e9d\u00e9raux, provinciaux et locaux qui r\u00e9gissent la construction dans votre r\u00e9gion.<\/li>\n<li>Les utilisateurs devraient \u00e9liminer les rebuts et morceaux de coupe de bois trait\u00e9 en conformit\u00e9 avec les exigences des r\u00e8glements locaux, provinciaux et f\u00e9d\u00e9raux.<\/li>\n<li>Utilisez les agents de pr\u00e9servation du bois de fa\u00e7on s\u00e9curitaire. Lisez toujours l\u2019\u00e9tiquette du produit et toute l\u2019information sur celui-ci avant de l\u2019utiliser.<\/li>\n<\/ul>\n<h4>Renseignements importants concernant l\u2019application<\/h4>\n<p><strong>Coupes de bout \/ coupes sur le chantier<\/strong> \u2013 Lorsque vous construisez votre projet ext\u00e9rieur avec du bois trait\u00e9 sous pression, il est important de prot\u00e9ger les coupes de bout, les grands trous de per\u00e7age et les autres coupes r\u00e9alis\u00e9es sur le chantier.<\/p>\n<ul>\n<li>Pour les \u00e9l\u00e9ments de bois de construction trait\u00e9s sous pression et le bois trait\u00e9 sous pression utilis\u00e9 dans les applications en contact avec le sol, un agent de pr\u00e9servation pour coupes de bout \u00e0 appliquer au pinceau est requis, au moment de la construction, sur tous les traits de scie, les grands trous de per\u00e7age et autres coupes r\u00e9alis\u00e9es au chantier. Deux (2) applications d\u2019un agent de pr\u00e9servation pour coupes de bout \u00e0 base de napht\u00e9nate de cuivre doivent \u00eatre faites sur le bois trait\u00e9 avant qu\u2019il ne soit install\u00e9. Important : suivre les directives du fabricant pour r\u00e9aliser une application appropri\u00e9e.<\/li>\n<li>Pour le bois trait\u00e9 sous pression utilis\u00e9 dans les applications <strong>au-dessus du niveau du sol<\/strong>, comme les planches de terrasses, les garde-corps, les dessus de poteaux ou les planches de cl\u00f4tures, appliquer au pinceau un agent de pr\u00e9servation du bois pour coupes de bout ou le produit <a href=\"http:\/\/cut-n-seal.com\/fr\/\">Cut-N-Seal<sup>MD<\/sup><\/a> de Timber Specialties, au moment de la construction, sur tous les traits de scie, les grands trous de per\u00e7age et autres coupes r\u00e9alis\u00e9es au chantier. Suivre les directives du fabricant pour obtenir une application appropri\u00e9e.<\/li>\n<\/ul>\n<p><strong>Attaches<\/strong> \u2013 Le bois MicroPro Sienna trait\u00e9 avec la technologie MicroPro pr\u00e9sente des taux de corrosion sur les produits m\u00e9talliques qui sont semblables \u00e0 ceux du bois non trait\u00e9. Utilisez des attaches et des ferrures con\u00e7ues pour les projets de construction ext\u00e9rieurs, qui sont conformes aux recommandations du fabricant et aux prescriptions des codes de la construction quant \u00e0 leur usage pr\u00e9vu. Les produits de construction en aluminium peuvent \u00eatre plac\u00e9s en contact direct avec le bois trait\u00e9 MicroPro Sienna utilis\u00e9 dans les applications \u00e0 l\u2019int\u00e9rieur ou \u00e0 l\u2019ext\u00e9rieur au-dessus du sol, comme sur les terrasses et les cl\u00f4tures, lorsque le bois n\u2019est pas expos\u00e9 \u00e0 un mouillage fr\u00e9quent et prolong\u00e9.<\/p>\n<p><a href=\"http:\/\/microprosienna.com\/fr\/ressources\/information-sur-les-attaches\/\">Voir Renseignements sur les attaches et les ferrures<\/a>.<\/p>\n<p><strong>Usage appropri\u00e9<\/strong> \u2013 Le mat\u00e9riau trait\u00e9 pour utilisation au-dessus du sol ne devrait pas \u00eatre utilis\u00e9 dans les applications en contact avec le sol, ceci pouvant nuire \u00e0 la performance du projet entier. L\u2019usage appropri\u00e9 est not\u00e9 sur l\u2019\u00e9tiquette en bout qui est fix\u00e9e \u00e0 chaque pi\u00e8ce de bois trait\u00e9 MicroPro Sienna.<\/p>\n<p><strong>Avant-trous<\/strong> \u2013 Percez des avant-trous, qui aideront \u00e0 r\u00e9duire au minimum le fendillement, plus particuli\u00e8rement pour pouvoir clouer ou visser pr\u00e8s de la rive ou du bout d\u2019une planche.<\/p>\n<p><strong>Espacement des planches de terrasse<\/strong> \u2013 On peut s\u2019attendre \u00e0 ce que les planches de terrasse prennent un l\u00e9ger retrait en largeur au fur et \u00e0 mesure qu\u2019elles s\u00e8chent; ainsi, de nombreux entrepreneurs en construction pr\u00e9f\u00e8rent installer les planches serr\u00e9es les unes contre les autres et laisser ainsi le s\u00e9chage et la nature cr\u00e9er l\u2019espacement requis entre elles.<\/p>\n<p><strong>Recouvrement \/ inclusion <\/strong>\u2013 Le bois trait\u00e9 MicroPro Sienna doit avoir pu s\u00e9cher ad\u00e9quatement avant d\u2019\u00eatre recouvert ou inclus dans un autre mat\u00e9riau de construction, par exemple des panneaux en composite. En effet, toute humidit\u00e9 pi\u00e9g\u00e9e risque d\u2019entra\u00eener la migration de la couleur hors de MicroPro Sienna. Un \u00e9l\u00e9ment de bois qui a s\u00e9ch\u00e9 ad\u00e9quatement a une teneur en humidit\u00e9 inf\u00e9rieure \u00e0 19 %. La teneur en humidit\u00e9 du bois se v\u00e9rifie au moyen d\u2019un humidim\u00e8tre \u00e9lectronique.<\/p>\n<p><strong>Appliquer un fini r\u00e9sistant aux intemp\u00e9ries<\/strong> \u2013 Tout bois apparent, qu\u2019il soit trait\u00e9 sous pression ou non, devrait \u00eatre prot\u00e9g\u00e9 par un fini hydrofuge de haute qualit\u00e9 ou une teinture semi-transparente, afin d\u2019aider \u00e0 r\u00e9duire le gauchissement, les fentes de retrait et le fendillement. L\u2019application d\u2019un hydrofugeant clair permettra \u00e0 la couleur du bois to s\u2019estomper naturellement avec le temps. L\u2019ajout de pigments ou de couleur \u00e0 un produit de teinture\/de finition aide \u00e0 prot\u00e9ger la surface du bois contre les dommages caus\u00e9s par les UV et le ternissement de la couleur. Suivre les directives du fabricant et de l\u2019\u00e9tiquette du produit de finition. Au pr\u00e9alable, pour vous assurer que le produit de finition choisi procurera le r\u00e9sultat escompt\u00e9, nous recommandons de l\u2019appliquer \u00e0 l\u2019essai sur une petite surface expos\u00e9e du projet, avant de finir celui-ci en entier.<\/p>\n<p><a href=\"http:\/\/microprosienna.com\/fr\/ressources\/finition\/\">Apprenez-en davantage<\/a><\/p>\n<p><strong>D\u00e9veloppements de moisissures<\/strong> \u2013 Des moisissures peuvent se d\u00e9velopper, et se d\u00e9veloppent effectivement, sur la surface de nombreux produits, y compris les \u00e9l\u00e9ments en bois trait\u00e9 et non trait\u00e9, lorsque les surfaces sont expos\u00e9es durant de longues p\u00e9riodes \u00e0 des conditions d\u2019humidit\u00e9 tr\u00e8s \u00e9lev\u00e9es. Pour d\u00e9barrasser la surface de bois trait\u00e9 de toute moisissure accumul\u00e9e, laissez d\u2019abord s\u00e9cher le bois. Ordinairement, on utilise une solution d\u2019eau et de savon doux pour d\u00e9barrasser les surfaces des moisissures r\u00e9siduelles.<\/p>\n","protected":false},"excerpt":{"rendered":"<p>Les produits en bois trait\u00e9 MicroPro SiennaMD sont trait\u00e9s sous pression \u00e0 l\u2019azole de cuivre micronis\u00e9 MicroProMD pour prot\u00e9ger le bois contre la carie fongique et l\u2019attaque des termites. Le principal ingr\u00e9dient actif de cet agent de pr\u00e9servation est le cuivre, reconnu depuis longtemps pour ses propri\u00e9t\u00e9s efficaces de pr\u00e9servation du bois. MicroPro Sienna utilise [&hellip;]<\/p>\n","protected":false},"author":2,"featured_media":127,"parent":9,"menu_order":0,"comment_status":"closed","ping_status":"closed","template":"","meta":[],"_links":{"self":[{"href":"https:\/\/microprosienna.com\/fr\/wp-json\/wp\/v2\/pages\/35"}],"collection":[{"href":"https:\/\/microprosienna.com\/fr\/wp-json\/wp\/v2\/pages"}],"about":[{"href":"https:\/\/microprosienna.com\/fr\/wp-json\/wp\/v2\/types\/page"}],"author":[{"embeddable":true,"href":"https:\/\/microprosienna.com\/fr\/wp-json\/wp\/v2\/users\/2"}],"replies":[{"embeddable":true,"href":"https:\/\/microprosienna.com\/fr\/wp-json\/wp\/v2\/comments?post=35"}],"version-history":[{"count":12,"href":"https:\/\/microprosienna.com\/fr\/wp-json\/wp\/v2\/pages\/35\/revisions"}],"predecessor-version":[{"id":554,"href":"https:\/\/microprosienna.com\/fr\/wp-json\/wp\/v2\/pages\/35\/revisions\/554"}],"up":[{"embeddable":true,"href":"https:\/\/microprosienna.com\/fr\/wp-json\/wp\/v2\/pages\/9"}],"wp:featuredmedia":[{"embeddable":true,"href":"https:\/\/microprosienna.com\/fr\/wp-json\/wp\/v2\/media\/127"}],"wp:attachment":[{"href":"https:\/\/microprosienna.com\/fr\/wp-json\/wp\/v2\/media?parent=35"}],"curies":[{"name":"wp","href":"https:\/\/api.w.org\/{rel}","templated":true}]}}