{"id":33,"date":"2016-06-15T20:21:29","date_gmt":"2016-06-15T20:21:29","guid":{"rendered":"http:\/\/microprosienna.com\/fr\/?page_id=33"},"modified":"2022-06-30T10:39:53","modified_gmt":"2022-06-30T14:39:53","slug":"information-sur-les-attaches","status":"publish","type":"page","link":"https:\/\/microprosienna.com\/fr\/ressources\/information-sur-les-attaches\/","title":{"rendered":"Information sur les attaches"},"content":{"rendered":"<div class=\"columns\" class=\"row\">\n\t\t\t<\/p>\n<div class=\"col-md-8\">\nLa technologie MicroPro<sup>MD<\/sup> offre de nombreux avantages, y compris une r\u00e9sistance am\u00e9lior\u00e9e \u00e0 la corrosion. Le bois trait\u00e9 MicroPro Sienna<sup>MD<\/sup> avec la technologie MicroPro pr\u00e9sente des taux de corrosion sur les produits m\u00e9talliques qui sont semblables \u00e0 ceux du bois non trait\u00e9.<\/p>\n<p><strong>Pour les applications \u00e0 l\u2019int\u00e9rieur ou \u00e0 l\u2019ext\u00e9rieur<\/strong> : Utilisez des attaches et des ferrures qui sont conformes aux recommandations du fabricant et aux prescriptions des codes de la construction quant \u00e0 leur usage pr\u00e9vu. Comme dans toute pratique judicieuse de conception et de construction, le bois trait\u00e9 MicroPro Sienna ne doit pas \u00eatre utilis\u00e9 dans les applications o\u00f9 il peut y avoir de l\u2019humidit\u00e9 ou de l\u2019eau emprisonn\u00e9e. Dans les cas o\u00f9 la conception et\/ou les conditions r\u00e9elles autorisent des p\u00e9riodes d\u2019humidit\u00e9 constantes, r\u00e9p\u00e9titives ou prolong\u00e9es, seules des attaches en acier inoxydable devraient \u00eatre utilis\u00e9es.<\/p>\n<p><strong>Pour les applications \u00e0 l\u2019ext\u00e9rieur<\/strong> : Les niveaux de galvanisation minimum suivants peuvent \u00eatre utilis\u00e9s pour les connecteurs, les \u00e9triers \u00e0 solives, les attaches et autres ferrures, qui sont plac\u00e9s en contact direct dans les applications ext\u00e9rieures de bois trait\u00e9 utilisant technologie MicroPro :<\/p>\n<ul>\n<li>Attaches \u2013 clous, vis, etc. : selon la norme ASTM A153 (1 oz\/pi<sup>2<\/sup>).<\/li>\n<li>Ferrures \u2013 connecteurs, \u00e9triers \u00e0 solives, etc. : selon la norme ASTM A653 G90 (0,90 oz\/pi<sup>2<\/sup>).<\/li>\n<li>Les effets des autres mat\u00e9riaux de construction \u00e0 l\u2019int\u00e9rieur d\u2019un ensemble, ainsi que les facteurs environnementaux, doivent \u00e9galement \u00eatre pris en compte lorsqu\u2019on choisit les ferrures et attaches appropri\u00e9es pour un projet donn\u00e9 contenant du bois trait\u00e9.<\/li>\n<li>Il est recommand\u00e9 de choisir des attaches et ferrures en acier inoxydable pour utiliser avec le bois trait\u00e9 dans d\u2019autres applications \u00e0 l\u2019ext\u00e9rieur rigoureuses comme les piscines, l\u2019exposition \u00e0 l\u2019eau sal\u00e9e, etc. Les types 304 et 316 sont les nuances d\u2019acier que l\u2019on recommande d\u2019utiliser.<\/li>\n<\/ul>\n<p><strong>Autres attaches et ferrures recommand\u00e9es par le fabricant<\/strong> : D\u2019autres produits (que l\u2019acier inoxydable et le galvanis\u00e9 par immersion \u00e0 chaud) peuvent convenir \u00e0 l\u2019utilisation avec le bois trait\u00e9 MicroPro Sienna. Veuillez consulter les fabricants individuels d\u2019attaches ou de ferrures pour obtenir des recommandations sur l\u2019utilisation de leurs produits avec le bois trait\u00e9 avec MicroPro. De plus, des attaches en acier au carbone peuvent \u00eatre utilis\u00e9es pour les applications int\u00e9rieures, celles au-dessus du sol et celles prot\u00e9g\u00e9es contre les intemp\u00e9ries, comme les lisses basses, les ossatures int\u00e9rieures et les fermes de bois int\u00e9rieures.<\/p>\n<p><strong>Les produits de construction en aluminium<\/strong> peuvent \u00eatre plac\u00e9s en contact direct avec le bois trait\u00e9 MicroPro Sienna utilis\u00e9 dans les applications \u00e0 l\u2019int\u00e9rieur ou \u00e0 l\u2019ext\u00e9rieur, au-dessus du sol, comme sur les terrasses et les cl\u00f4tures, lorsque le bois n\u2019est pas expos\u00e9 \u00e0 un mouillage fr\u00e9quent et prolong\u00e9.<\/p>\n<p>Comme exemples de produits en aluminium, mentionnons : bardages, couvertures, goutti\u00e8res, moulures de portes et de fen\u00eatres, solins, clous, attaches et autres connecteurs.<\/p>\n<p>Le bois trait\u00e9 MicroPro Sienna mis en <strong>contact direct<\/strong> avec des produits en aluminium devrait \u00eatre utilis\u00e9 uniquement dans des applications de construction conformes aux codes et permettant un \u00e9coulement appropri\u00e9 de l\u2019eau et n\u2019exposant pas le bois, ni ponctuellement ni en permanence, \u00e0 une source d\u2019humidit\u00e9 continue, d\u2019eaux stagnantes ou d\u2019immersion par l\u2019eau.<\/p>\n<p>De plus, le bois trait\u00e9 MicroPro Sienna ne doit pas \u00eatre rev\u00eatu (encapsul\u00e9), scell\u00e9 ou envelopp\u00e9 de produits en aluminium o\u00f9 il peut y avoir de l\u2019humidit\u00e9 ou de l\u2019eau emprisonn\u00e9e, afin d\u2019\u00e9viter la formation de piq\u00fbres et autres r\u00e9sultats ind\u00e9sirables.<\/p>\n<p>Lorsqu\u2019on utilise le bois trait\u00e9 MicroPro Sienna en <strong>contact avec le sol et\/ou dans des applications tr\u00e8s humides<\/strong>, il est recommand\u00e9 d\u2019employer des mat\u00e9riaux d\u2019espacement ou d\u2019autres barri\u00e8res physiques pour emp\u00eacher tout contact direct du bois trait\u00e9 et des produits en aluminium. Un espace d\u2019environ 6,3 mm (1\/4 po) doit \u00eatre maintenu entre le bois trait\u00e9 et le produit en aluminium. Une autre option consiste \u00e0 utiliser une barri\u00e8re de poly\u00e9thyl\u00e8ne d\u2019une \u00e9paisseur minimum de 10 mils entre le bois trait\u00e9 et le produit en aluminium afin d\u2019\u00e9viter le contact direct entre les deux.<\/p>\n<p>Nous vous recommandons de communiquer avec le fabricant du produit de construction en aluminium pour obtenir ses recommandations concernant ses produits mis en contact avec le bois trait\u00e9 MicroPro Sienna, dans les applications en contact avec le sol, ou lorsque ce bois est expos\u00e9 :<\/p>\n<ul>\n<li>\u00e0 l\u2019eau sal\u00e9e;<\/li>\n<li>\u00e0 l\u2019eau saum\u00e2tre;<\/li>\n<li>\u00e0 l\u2019eau chlor\u00e9e, comme celle de piscines ou de bassins thermaux.<\/li>\n<\/ul>\n<p>V\u00e9rifiez \u00e9galement aupr\u00e8s du fabricant du produit en aluminium la compatibilit\u00e9 avec d\u2019autres produits chimiques et agents de nettoyage. Contactez <a href=\"mailto:info@microprosienna.com\">info@microprosienna.com<\/a> pour obtenir plus d\u2019information sur l\u2019utilisation du bois trait\u00e9 MicroPro Sienna avec de l\u2019aluminium dans les installations commerciales, industrielles et sp\u00e9cialis\u00e9e (exemple : la construction de bateaux).<\/p>\n<p><a href=\"https:\/\/microprosienna.com\/fr\/wp-content\/uploads\/sites\/2\/2022\/06\/MicroProSienna-Renseignements-sur-les-attaches-et-les-ferrures.pdf\">Cliquer ici<\/a> pour voir les Renseignements sur les attaches et les ferrures de MicroPro Sienna<sup>MD<\/sup>\n<\/div>\n<p><\/p>\n<div class=\"col-md-4\">\n<img decoding=\"async\" loading=\"lazy\" class=\"aligncenter size-full wp-image-217\" src=\"http:\/\/microprosienna.com\/wp-content\/uploads\/2015\/11\/FastenerHardware-01.jpg\" alt=\"FastenerHardware-01\" width=\"600\" height=\"800\" \/><br \/>\n<img decoding=\"async\" loading=\"lazy\" class=\"aligncenter size-full wp-image-216\" src=\"http:\/\/microprosienna.com\/wp-content\/uploads\/2015\/11\/FastenerHardware-02.jpg\" alt=\"FastenerHardware-02\" width=\"800\" height=\"600\" \/>\n<\/div>\n<p><\/p><\/div>\n\n","protected":false},"excerpt":{"rendered":"","protected":false},"author":2,"featured_media":0,"parent":9,"menu_order":0,"comment_status":"closed","ping_status":"closed","template":"","meta":[],"_links":{"self":[{"href":"https:\/\/microprosienna.com\/fr\/wp-json\/wp\/v2\/pages\/33"}],"collection":[{"href":"https:\/\/microprosienna.com\/fr\/wp-json\/wp\/v2\/pages"}],"about":[{"href":"https:\/\/microprosienna.com\/fr\/wp-json\/wp\/v2\/types\/page"}],"author":[{"embeddable":true,"href":"https:\/\/microprosienna.com\/fr\/wp-json\/wp\/v2\/users\/2"}],"replies":[{"embeddable":true,"href":"https:\/\/microprosienna.com\/fr\/wp-json\/wp\/v2\/comments?post=33"}],"version-history":[{"count":8,"href":"https:\/\/microprosienna.com\/fr\/wp-json\/wp\/v2\/pages\/33\/revisions"}],"predecessor-version":[{"id":552,"href":"https:\/\/microprosienna.com\/fr\/wp-json\/wp\/v2\/pages\/33\/revisions\/552"}],"up":[{"embeddable":true,"href":"https:\/\/microprosienna.com\/fr\/wp-json\/wp\/v2\/pages\/9"}],"wp:attachment":[{"href":"https:\/\/microprosienna.com\/fr\/wp-json\/wp\/v2\/media?parent=33"}],"curies":[{"name":"wp","href":"https:\/\/api.w.org\/{rel}","templated":true}]}}