{"id":29,"date":"2016-06-15T20:20:45","date_gmt":"2016-06-15T20:20:45","guid":{"rendered":"http:\/\/microprosienna.com\/fr\/?page_id=29"},"modified":"2020-07-14T15:52:28","modified_gmt":"2020-07-14T19:52:28","slug":"travailler-avec-micropro-sienna","status":"publish","type":"page","link":"https:\/\/microprosienna.com\/fr\/ressources\/travailler-avec-micropro-sienna\/","title":{"rendered":"Travailler avec MicroPro Sienna"},"content":{"rendered":"<p>Les produits en bois trait\u00e9 MicroPro Sienna<sup>MD<\/sup> sont trait\u00e9s sous pression \u00e0 l\u2019azole de cuivre micronis\u00e9 MicroPro<sup>MD<\/sup> pour prot\u00e9ger le bois contre la carie fongique et l\u2019attaque des termites. Le principal ingr\u00e9dient actif de cet agent de pr\u00e9servation est le cuivre, reconnu depuis longtemps pour ses propri\u00e9t\u00e9s efficaces de pr\u00e9servation du bois. MicroPro Sienna utilise le cuivre micronis\u00e9 conjointement avec l\u2019azole de cuivre micronis\u00e9 pour offrir une protection \u00e0 long terme du bois apparent dans les applications ext\u00e9rieures.<\/p>\n<p>Observez les <strong>mesures de s\u00e9curit\u00e9<\/strong> suivantes pour travailler avec tout produit de bois trait\u00e9, MicroPro Sienna ou autre :<\/p>\n<ul>\n<li>Portez un masque antipoussi\u00e8re et des lunettes protectrices pour couper ou poncer le bois.<\/li>\n<li>Portez des gants pour tout travail avec le bois.<\/li>\n<li>Seul du bois trait\u00e9 qui est visiblement propre et exempt de r\u00e9sidus en surface devrait \u00eatre utilis\u00e9.<\/li>\n<li>Une certaine quantit\u00e9 d\u2019agent de pr\u00e9servation et\/ou de pigment peut migrer du bois trait\u00e9 jusqu\u2019au sol, \u00e0 l\u2019eau environnant ou d&#8217;autres surfaces. Il peut aussi se d\u00e9loger de la surface du bois trait\u00e9 au contact avec la peau. Lavez \u00e0 fond toute partie d\u00e9nud\u00e9e de la peau qui y a \u00e9t\u00e9 expos\u00e9e.<\/li>\n<li>Avant de porter de nouveau vos v\u00eatements de travail, lavez-les s\u00e9par\u00e9ment de toute lessive courante.<\/li>\n<\/ul>\n<p><strong>Coupes de bout \/ coupes sur le chantier<\/strong> \u2013 Lorsque vous construisez votre projet ext\u00e9rieur avec du bois trait\u00e9 sous pression, il est important de prot\u00e9ger les coupes de bout, les grands trous de per\u00e7age et les autres coupes r\u00e9alis\u00e9es sur le chantier.<\/p>\n<ul>\n<li>Pour les \u00e9l\u00e9ments de bois de construction trait\u00e9s et le bois trait\u00e9 sous pression utilis\u00e9 dans les applications en <strong>contact avec le sol<\/strong>, un agent de pr\u00e9servation pour coupes de bout \u00e0 appliquer au pinceau est requis, au moment de la construction, sur tous les traits de scie, les grands trous de per\u00e7age et autres coupes r\u00e9alis\u00e9es au chantier. Deux (2) applications d\u2019un agent de pr\u00e9servation pour coupes de bout \u00e0 base de napht\u00e9nate de cuivre doivent \u00eatre faites sur le bois trait\u00e9 avant qu\u2019il ne soit install\u00e9. Important : suivre les directives du fabricant pour r\u00e9aliser une application appropri\u00e9e.<\/li>\n<li>Pour le bois trait\u00e9 sous pression utilis\u00e9 dans les applications <strong>au-dessus du niveau du sol<\/strong>, comme les planches de terrasses, les garde-corps, les dessus de poteaux ou les planches de cl\u00f4tures, un agent de pr\u00e9servation du bois pour coupes de bout \u00e0 appliquer au pinceau ou le produit <a href=\"http:\/\/cut-n-seal.com\/fr\/\" target=\"_blank\" rel=\"noopener noreferrer\">Cut-N-Seal<sup>MD<\/sup><\/a> de Timber Specialties devrait \u00eatre appliqu\u00e9, au moment de la construction, sur tous les traits de scie, les grands trous de per\u00e7age et autres coupes r\u00e9alis\u00e9es au chantier. Suivre les directives du fabricant pour obtenir une application appropri\u00e9e.<\/li>\n<\/ul>\n<p><strong>Attaches<\/strong> \u2013 Le bois MicroPro Sienna trait\u00e9 avec la technologie MicroPro pr\u00e9sente des taux de corrosion sur les produits m\u00e9talliques qui sont semblables \u00e0 ceux du bois non trait\u00e9. Utilisez des attaches et des ferrures con\u00e7ues pour les projets de construction ext\u00e9rieurs, qui sont conformes aux recommandations du fabricant et aux codes de la construction pour leur utilisation pr\u00e9vue. Voir <a href=\"http:\/\/microprosienna.com\/fr\/ressources\/information-sur-les-attaches\/\">Information sur les attaches et les ferrures<\/a>.<\/p>\n<p><strong>Aluminium<\/strong> &#8211; Les produits de construction en aluminium peuvent \u00eatre plac\u00e9s en contact direct avec le bois trait\u00e9 MicroPro Sienna utilis\u00e9 dans les applications \u00e0 l\u2019int\u00e9rieur ou \u00e0 l\u2019ext\u00e9rieur, au-dessus du sol, lorsque le bois n\u2019est pas expos\u00e9 \u00e0 un mouillage fr\u00e9quent et prolong\u00e9, comme sur les terrasses et les cl\u00f4tures. Le bois trait\u00e9 MicroPro Sienna mis en contact direct avec des produits en aluminium devrait \u00eatre utilis\u00e9 uniquement dans des applications de construction conformes aux codes et permettant un \u00e9coulement appropri\u00e9 de l\u2019eau et n\u2019exposant pas le bois, ni ponctuellement ni en permanence, \u00e0 une source d\u2019humidit\u00e9 continue, d\u2019eaux stagnantes ou d\u2019immersion par l\u2019eau comme les quais et pontons d\u2019accostage en eaux douces, les cuves thermales (spas) et les piscines. De plus, le bois trait\u00e9 MicroPro Sienna ne doit pas \u00eatre rev\u00eatu (encapsul\u00e9), scell\u00e9 ou envelopp\u00e9 de produits en aluminium o\u00f9 il peut y avoir de l\u2019humidit\u00e9 ou de l\u2019eau emprisonn\u00e9e, afin d\u2019\u00e9viter la formation de piq\u00fbres et autres r\u00e9sultats ind\u00e9sirables. <a href=\"http:\/\/microprosienna.com\/fr\/ressources\/information-sur-les-attaches\/\">Voir Information sur les attaches et les ferrures<\/a>.<\/p>\n<p><strong>Lorsque l\u2019apparence le permet, installez les planches face \u00e9corce en haut<\/strong> \u2013 Comme r\u00e8gle g\u00e9n\u00e9rale, on doit installer les planches face \u00e9corce en haut (cercles de croissance annuels orient\u00e9s vers le haut et non vers le bas) afin de r\u00e9duire le voilement concave. Cependant, ne manquez pas d\u2019inspecter les planches avant de les installer et de noter quelle face comporte des n\u0153uds et des d\u00e9fauts qui pourraient s\u2019av\u00e9rer probl\u00e9matiques \u00e0 mesure que le bois s\u00e8chera, et de tourner cette face vers le bas. Veillez \u00e0 ce que les planches soient fix\u00e9es de fa\u00e7on bien assujettie afin d\u2019aider \u00e0 pr\u00e9venir le gauchissement.<\/p>\n<p><strong>Avant-trous<\/strong> \u2013 Percez des avant-trous, qui aideront \u00e0 r\u00e9duire au minimum le fendillement, plus particuli\u00e8rement pour pouvoir clouer ou visser pr\u00e8s de la rive ou du bout d\u2019une planche.<\/p>\n<p><strong>Espacement des planches de terrasse<\/strong> \u2013 On peut s\u2019attendre \u00e0 ce que les planches de terrasse prennent un l\u00e9ger retrait en largeur au fur et \u00e0 mesure qu\u2019elles s\u00e8chent; ainsi, de nombreux entrepreneurs en construction pr\u00e9f\u00e8rent installer les planches serr\u00e9es les unes contre les autres et laisser ainsi le s\u00e9chage et la nature cr\u00e9er l\u2019espacement requis entre elles.<\/p>\n<p><strong>Recouvrement \/ inclusion <\/strong>\u2013 Le bois trait\u00e9 MicroPro Sienna doit avoir pu s\u00e9cher ad\u00e9quatement avant d\u2019\u00eatre recouvert ou inclus dans un autre mat\u00e9riau de construction, par exemple des panneaux en composite. En effet, toute humidit\u00e9 pi\u00e9g\u00e9e risque d\u2019entra\u00eener la migration de la couleur hors de MicroPro Sienna. Un \u00e9l\u00e9ment de bois qui a s\u00e9ch\u00e9 ad\u00e9quatement a une teneur en humidit\u00e9 inf\u00e9rieure \u00e0 19 %. La teneur en humidit\u00e9 du bois se v\u00e9rifie au moyen d\u2019un humidim\u00e8tre \u00e9lectronique.<\/p>\n<p><strong>D\u00e9veloppements de moisissures<\/strong> \u2013 Des moisissures peuvent se d\u00e9velopper, et se d\u00e9veloppent effectivement, sur la surface de nombreux produits, y compris les \u00e9l\u00e9ments en bois trait\u00e9 et non trait\u00e9, lorsque les surfaces sont expos\u00e9es durant de longues p\u00e9riodes \u00e0 des conditions d\u2019humidit\u00e9 tr\u00e8s \u00e9lev\u00e9es. Pour d\u00e9barrasser la surface de bois trait\u00e9 de toute moisissure accumul\u00e9e, laissez d\u2019abord s\u00e9cher le bois. Ordinairement, on utilise une solution d\u2019eau et de savon doux pour d\u00e9barrasser les surfaces des moisissures r\u00e9siduelles.<\/p>\n<p><strong>D\u00e9bris<\/strong><\/p>\n<ul>\n<li>Apr\u00e8s les travaux de construction, tous les d\u00e9bris de construction et toute la sciure de bois devraient \u00eatre \u00e9limin\u00e9s proprement.<\/li>\n<li><strong>Ne br\u00fblez pas le bois trait\u00e9.<\/strong><\/li>\n<li>N\u2019utilisez pas le bois trait\u00e9 comme paillis.<\/li>\n<li>Les utilisateurs devraient \u00e9liminer les rebuts et morceaux de coupe de bois trait\u00e9 en conformit\u00e9 avec les exigences des r\u00e8glements locaux, provinciaux et f\u00e9d\u00e9raux.<\/li>\n<\/ul>\n","protected":false},"excerpt":{"rendered":"<p>Les produits en bois trait\u00e9 MicroPro SiennaMD sont trait\u00e9s sous pression \u00e0 l\u2019azole de cuivre micronis\u00e9 MicroProMD pour prot\u00e9ger le bois contre la carie fongique et l\u2019attaque des termites. Le principal ingr\u00e9dient actif de cet agent de pr\u00e9servation est le cuivre, reconnu depuis longtemps pour ses propri\u00e9t\u00e9s efficaces de pr\u00e9servation du bois. MicroPro Sienna utilise [&hellip;]<\/p>\n","protected":false},"author":2,"featured_media":122,"parent":9,"menu_order":0,"comment_status":"closed","ping_status":"closed","template":"","meta":[],"_links":{"self":[{"href":"https:\/\/microprosienna.com\/fr\/wp-json\/wp\/v2\/pages\/29"}],"collection":[{"href":"https:\/\/microprosienna.com\/fr\/wp-json\/wp\/v2\/pages"}],"about":[{"href":"https:\/\/microprosienna.com\/fr\/wp-json\/wp\/v2\/types\/page"}],"author":[{"embeddable":true,"href":"https:\/\/microprosienna.com\/fr\/wp-json\/wp\/v2\/users\/2"}],"replies":[{"embeddable":true,"href":"https:\/\/microprosienna.com\/fr\/wp-json\/wp\/v2\/comments?post=29"}],"version-history":[{"count":10,"href":"https:\/\/microprosienna.com\/fr\/wp-json\/wp\/v2\/pages\/29\/revisions"}],"predecessor-version":[{"id":581,"href":"https:\/\/microprosienna.com\/fr\/wp-json\/wp\/v2\/pages\/29\/revisions\/581"}],"up":[{"embeddable":true,"href":"https:\/\/microprosienna.com\/fr\/wp-json\/wp\/v2\/pages\/9"}],"wp:featuredmedia":[{"embeddable":true,"href":"https:\/\/microprosienna.com\/fr\/wp-json\/wp\/v2\/media\/122"}],"wp:attachment":[{"href":"https:\/\/microprosienna.com\/fr\/wp-json\/wp\/v2\/media?parent=29"}],"curies":[{"name":"wp","href":"https:\/\/api.w.org\/{rel}","templated":true}]}}