{"id":19,"date":"2016-06-15T20:18:58","date_gmt":"2016-06-15T20:18:58","guid":{"rendered":"http:\/\/microprosienna.com\/fr\/?page_id=19"},"modified":"2020-07-16T17:47:18","modified_gmt":"2020-07-16T21:47:18","slug":"couleur-novatrice","status":"publish","type":"page","link":"https:\/\/microprosienna.com\/fr\/essentiels\/couleur-novatrice\/","title":{"rendered":"Couleur novatrice"},"content":{"rendered":"\n<div class=\"is-layout-flex wp-container-3 wp-block-columns\">\n<div class=\"is-layout-flow wp-block-column\">\n<p>Le bois trait\u00e9 MicroPro Sienna emploie une technologie innovatrice en mati\u00e8re de pigment micronis\u00e9 qui conf\u00e8re au bois un ton brun naturel chaud qui en rehausse le grain et les caract\u00e9ristiques naturelles. Con\u00e7u pour r\u00e9pondre aux exigences de style li\u00e9es aux modes de vie int\u00e9rieurs\/ext\u00e9rieurs, ce produit offre une apparence riche et bien finie qui se marie aux meubles et aux articles d\u2019ameublement pour terrasses d\u2019aujourd\u2019hui.<\/p>\n\n\n\n<p>Des variations naturelles de la couleur dans le produit sont \u00e0 pr\u00e9voir en raison de la variabilit\u00e9 des conditions auxquelles il est expos\u00e9 et des caract\u00e9ristiques propres aux diff\u00e9rentes essences de bois. De plus, des variations de couleur peuvent survenir entre le bois de coeur et l\u2019aubier ainsi qu\u2019entre les r\u00e9gions noueuses (noeuds), et ce, d\u2019une planche \u00e0 une autre ou \u00e0 l\u2019int\u00e9rieur d\u2019un m\u00eame \u00e9l\u00e9ment de bois. Nous vous recommandons de faire votre s\u00e9lection du bois trait\u00e9 MicroPro Sienna \u00e0 partir d&#8217;un \u00e9chantillon r\u00e9el et d\u2019inspecter le produit pour la couleur et d&#8217;autres variations naturelles avant de l&#8217;installer.<\/p>\n\n\n\n<p>Il est possible que sur certains \u00e9l\u00e9ments de bois trait\u00e9 MicroPro Sienna une teinte verd\u00e2tre apparaisse le long du fil du bois et autour des noeuds. Avec le temps, ce vert va s\u2019adoucir et se marier au ton global du bois trait\u00e9.<\/p>\n\n\n\n<p>Dans un projet ext\u00e9rieur, la couleur de MicroPro Sienna s\u2019estompera en un ton havane ou beige doux, puis passera au gris avec le temps. Ce d\u00e9lai d\u00e9pendra d\u2019un certain nombre de facteurs, y compris l\u2019exposition \u00e0 la lumi\u00e8re du soleil, l\u2019essence du bois et l\u2019application. \u00c0 long terme, la couleur initiale procurera une bonne base pour une application de teinture visant \u00e0 rafra\u00eechir ou \u00e0 changer la couleur. Les photos de l\u2019alt\u00e9ration de MicroPro Sienna due aux intemp\u00e9ries comparent un ouvrage de bois trait\u00e9 MicroPro Sienna neuf \u00e0 un autre alt\u00e9r\u00e9 par les intemp\u00e9ries.<\/p>\n\n\n\n<p>Pour conserver la couleur et entretenir la surface de bois trait\u00e9 MicroPro Sienna, appliquez sur le bois un hydrofugeant ou une teinture avec hydrofugeant de haute qualit\u00e9 apr\u00e8s la construction du projet, d\u00e8s que le bois est sec au toucher. <a href=\"http:\/\/microprosienna.com\/fr\/ressources\/finition\/\">Apprenez-en advantage<\/a><\/p>\n<\/div>\n\n\n\n<div class=\"is-layout-flow wp-block-column\">\n<figure class=\"wp-block-image\"><img decoding=\"async\" src=\"http:\/\/microprosienna.com\/wp-content\/uploads\/2015\/11\/img.jpg\" alt=\"img\"\/><\/figure>\n\n\n\n<figure class=\"wp-block-image size-large\"><img decoding=\"async\" loading=\"lazy\" width=\"576\" height=\"289\" src=\"https:\/\/microprosienna.com\/fr\/wp-content\/uploads\/sites\/2\/2020\/07\/MicroProSienna-BeforeAfter-F.jpg\" alt=\"\" class=\"wp-image-460\" srcset=\"https:\/\/microprosienna.com\/fr\/wp-content\/uploads\/sites\/2\/2020\/07\/MicroProSienna-BeforeAfter-F.jpg 576w, https:\/\/microprosienna.com\/fr\/wp-content\/uploads\/sites\/2\/2020\/07\/MicroProSienna-BeforeAfter-F-300x151.jpg 300w\" sizes=\"(max-width: 576px) 100vw, 576px\" \/><\/figure>\n<\/div>\n<\/div>\n\n\n\n<p><\/p>\n","protected":false},"excerpt":{"rendered":"<p>Le bois trait\u00e9 MicroPro Sienna emploie une technologie innovatrice en mati\u00e8re de pigment micronis\u00e9 qui conf\u00e8re au bois un ton brun naturel chaud qui en rehausse le grain et les caract\u00e9ristiques naturelles. Con\u00e7u pour r\u00e9pondre aux exigences de style li\u00e9es aux modes de vie int\u00e9rieurs\/ext\u00e9rieurs, ce produit offre une apparence riche et bien finie qui [&hellip;]<\/p>\n","protected":false},"author":2,"featured_media":0,"parent":7,"menu_order":0,"comment_status":"closed","ping_status":"closed","template":"","meta":[],"_links":{"self":[{"href":"https:\/\/microprosienna.com\/fr\/wp-json\/wp\/v2\/pages\/19"}],"collection":[{"href":"https:\/\/microprosienna.com\/fr\/wp-json\/wp\/v2\/pages"}],"about":[{"href":"https:\/\/microprosienna.com\/fr\/wp-json\/wp\/v2\/types\/page"}],"author":[{"embeddable":true,"href":"https:\/\/microprosienna.com\/fr\/wp-json\/wp\/v2\/users\/2"}],"replies":[{"embeddable":true,"href":"https:\/\/microprosienna.com\/fr\/wp-json\/wp\/v2\/comments?post=19"}],"version-history":[{"count":7,"href":"https:\/\/microprosienna.com\/fr\/wp-json\/wp\/v2\/pages\/19\/revisions"}],"predecessor-version":[{"id":461,"href":"https:\/\/microprosienna.com\/fr\/wp-json\/wp\/v2\/pages\/19\/revisions\/461"}],"up":[{"embeddable":true,"href":"https:\/\/microprosienna.com\/fr\/wp-json\/wp\/v2\/pages\/7"}],"wp:attachment":[{"href":"https:\/\/microprosienna.com\/fr\/wp-json\/wp\/v2\/media?parent=19"}],"curies":[{"name":"wp","href":"https:\/\/api.w.org\/{rel}","templated":true}]}}