{"id":17,"date":"2016-06-15T20:12:20","date_gmt":"2016-06-15T20:12:20","guid":{"rendered":"http:\/\/microprosienna.com\/fr\/?page_id=17"},"modified":"2016-06-16T15:55:38","modified_gmt":"2016-06-16T15:55:38","slug":"technologie-de-traitement-de-pointe","status":"publish","type":"page","link":"https:\/\/microprosienna.com\/fr\/essentiels\/technologie-de-traitement-de-pointe\/","title":{"rendered":"Technologie de traitement de pointe"},"content":{"rendered":"<p>La technologie de pr\u00e9servation MicroPro<sup>MD<\/sup> est un moyen r\u00e9volutionnaire de traiter sous pression le bois destin\u00e9 aux terrasses, aux cl\u00f4tures et aux usages en am\u00e9nagement paysag\u00e9 et en construction g\u00e9n\u00e9rale pour l\u2019ext\u00e9rieur. L\u2019agent de pr\u00e9servation MicroPro, qui a \u00e9t\u00e9 formul\u00e9 sp\u00e9cialement pour traiter les essences de bois et les conditions d\u2019utilisation propres au Canada, est approuv\u00e9 par l\u2019Association canadienne de normalisation (CSA). Le bois trait\u00e9 avec MicroPro peut \u00eatre utilis\u00e9 au-dessus du sol, en contact avec le sol et dans l\u2019eau douce.<\/p>\n<p>La technologie de pr\u00e9servation MicroPro est un syst\u00e8me d\u2019azole de cuivre micronis\u00e9 \u00e0 base d\u2019eau, mis au point pour procurer une protection \u00e0 long terme au bois utilis\u00e9 dans les applications \u00e0 l\u2019ext\u00e9rieur. Le syst\u00e8me MicroPro est bas\u00e9 sur l\u2019efficacit\u00e9 r\u00e9put\u00e9e du cuivre lorsque combin\u00e9 \u00e0 un compos\u00e9 azole et est appliqu\u00e9 sur le bois par traitement sous pression. Le cuivre et les azoles sont des fongicides et des termiticides efficaces, prot\u00e9geant le bois trait\u00e9 contre la carie fongique et l\u2019attaque des termites.<\/p>\n<p>La protection de pr\u00e9servation du bois trait\u00e9 MicroPro Sienna est appuy\u00e9e par une garantie limit\u00e9e pour usages r\u00e9sidentiels contre la carie fongique et l\u2019attaque des termites. <a href=\"http:\/\/microprosienna.com\/fr\/ressources\/garantie\/\">Voir les d\u00e9tails dans la garantie<\/a>.<\/p>\n","protected":false},"excerpt":{"rendered":"<p>La technologie de pr\u00e9servation MicroProMD est un moyen r\u00e9volutionnaire de traiter sous pression le bois destin\u00e9 aux terrasses, aux cl\u00f4tures et aux usages en am\u00e9nagement paysag\u00e9 et en construction g\u00e9n\u00e9rale pour l\u2019ext\u00e9rieur. L\u2019agent de pr\u00e9servation MicroPro, qui a \u00e9t\u00e9 formul\u00e9 sp\u00e9cialement pour traiter les essences de bois et les conditions d\u2019utilisation propres au Canada, est [&hellip;]<\/p>\n","protected":false},"author":2,"featured_media":97,"parent":7,"menu_order":0,"comment_status":"closed","ping_status":"closed","template":"","meta":[],"_links":{"self":[{"href":"https:\/\/microprosienna.com\/fr\/wp-json\/wp\/v2\/pages\/17"}],"collection":[{"href":"https:\/\/microprosienna.com\/fr\/wp-json\/wp\/v2\/pages"}],"about":[{"href":"https:\/\/microprosienna.com\/fr\/wp-json\/wp\/v2\/types\/page"}],"author":[{"embeddable":true,"href":"https:\/\/microprosienna.com\/fr\/wp-json\/wp\/v2\/users\/2"}],"replies":[{"embeddable":true,"href":"https:\/\/microprosienna.com\/fr\/wp-json\/wp\/v2\/comments?post=17"}],"version-history":[{"count":2,"href":"https:\/\/microprosienna.com\/fr\/wp-json\/wp\/v2\/pages\/17\/revisions"}],"predecessor-version":[{"id":89,"href":"https:\/\/microprosienna.com\/fr\/wp-json\/wp\/v2\/pages\/17\/revisions\/89"}],"up":[{"embeddable":true,"href":"https:\/\/microprosienna.com\/fr\/wp-json\/wp\/v2\/pages\/7"}],"wp:featuredmedia":[{"embeddable":true,"href":"https:\/\/microprosienna.com\/fr\/wp-json\/wp\/v2\/media\/97"}],"wp:attachment":[{"href":"https:\/\/microprosienna.com\/fr\/wp-json\/wp\/v2\/media?parent=17"}],"curies":[{"name":"wp","href":"https:\/\/api.w.org\/{rel}","templated":true}]}}